{"id":178,"date":"2010-09-25T14:35:57","date_gmt":"2010-09-25T13:35:57","guid":{"rendered":"http:\/\/bastelladen-dors.de\/blog\/?page_id=178"},"modified":"2014-06-21T13:55:45","modified_gmt":"2014-06-21T12:55:45","slug":"modelleisenbahn","status":"publish","type":"page","link":"http:\/\/www.bastelladen-dors.de\/?page_id=178","title":{"rendered":"Modelleisenbahn"},"content":{"rendered":"<p>In der Abteilung f\u00fcr Modelleisenbahnen f\u00fchren wir auf \u00fcber 240qm alle namhaften Hersteller, wie z.B.:<\/p>\n<ul>\n<li><a href=\"http:\/\/www.maerklin.de\" target=\"_blank\">m\u00e4rklin<\/a>, <a href=\"http:\/\/www.trix.de\" target=\"_blank\">Trix<\/a>, <a title=\"LGB\" href=\"http:\/\/www.lgb.de\" target=\"_blank\">LGB<\/a><\/li>\n<li><a title=\"Roco\" href=\"http:\/\/www.roco.cc\" target=\"_blank\">Roco<\/a>, <a href=\"http:\/\/www.fleischmann.de\" target=\"_blank\">Fleischmann<\/a><\/li>\n<li><a href=\"http:\/\/www.liliput.de\/\" target=\"_blank\">Liliput<\/a>, <a href=\"http:\/\/www.liliput.de\/\" target=\"_blank\">Bachmann<\/a><\/li>\n<li><a href=\"http:\/\/www.brawa.de\" target=\"_blank\">Brawa<\/a><\/li>\n<li><a href=\"http:\/\/www.tillig.com\" target=\"_blank\">Tillig<\/a><\/li>\n<li><a href=\"http:\/\/www.esu.eu\" target=\"_blank\">ESU<\/a><\/li>\n<li><a href=\"http:\/\/www.digital-plus.de\" target=\"_blank\">Lenz<\/a><\/li>\n<li><a href=\"http:\/\/www.uhlenbrock.de\" target=\"_blank\">Uhlenbrock<\/a><\/li>\n<li><a href=\"http:\/\/www.kuehn-modell.de\" target=\"_blank\">K\u00fchn<\/a><\/li>\n<li><a href=\"http:\/\/www.ldt-infocenter.com\" target=\"_blank\">Littfinski<\/a><\/li>\n<li><a href=\"http:\/\/www.viessmann-modell.de\" target=\"_blank\">Viessmann<\/a><\/li>\n<li><a href=\"http:\/\/www.faller.de\" target=\"_blank\">Faller<\/a>, <a href=\"http:\/\/www.faller.de\/App\/WebObjects\/XSeMIPS.woa\/cms\/page\/pid.14.17.89\/agid.1131\/ecm.ag\/Pola-G-Programm.html\" target=\"_blank\">Pola<\/a><\/li>\n<li><a href=\"http:\/\/www.auhagen.de\" target=\"_blank\">Auhagen<\/a><\/li>\n<li><a href=\"http:\/\/bastelladen.noch.de\" target=\"_blank\">Noch<\/a><\/li>\n<li><a href=\"http:\/\/www.busch-modell.de\" target=\"_blank\">Busch<\/a><\/li>\n<li><a href=\"http:\/\/www.heki-kittler.de\/\" target=\"_blank\">Heki<\/a><\/li>\n<li>&#8230;<\/li>\n<\/ul>\n<p>&nbsp;<\/p>\n<p><strong>Digitale Modelleisenbahn<\/strong><\/p>\n<p>Bei uns erhalten Sie eine ausf\u00fchrliche Beratung zur computergest\u00fctzten Modellbahnanlagensteuerung.<\/p>\n<p>Au\u00dferdem f\u00fchren wir Digitalumbauten durch.<\/p>\n<p>F\u00fcr Sounds auf Ihrer Anlage und in Ihren Fahrzeugen haben wir sicherlich auch das richtige.<\/p>\n","protected":false},"excerpt":{"rendered":"<p>In der Abteilung f\u00fcr Modelleisenbahnen f\u00fchren wir auf \u00fcber 240qm\u2026 <a class=\"continue-reading-link\" href=\"http:\/\/www.bastelladen-dors.de\/?page_id=178\">weiter lesen<\/a><\/p>\n","protected":false},"author":1,"featured_media":404,"parent":365,"menu_order":0,"comment_status":"closed","ping_status":"open","template":"","meta":{"footnotes":""},"class_list":["post-178","page","type-page","status-publish","has-post-thumbnail","hentry"],"_links":{"self":[{"href":"http:\/\/www.bastelladen-dors.de\/index.php?rest_route=\/wp\/v2\/pages\/178","targetHints":{"allow":["GET"]}}],"collection":[{"href":"http:\/\/www.bastelladen-dors.de\/index.php?rest_route=\/wp\/v2\/pages"}],"about":[{"href":"http:\/\/www.bastelladen-dors.de\/index.php?rest_route=\/wp\/v2\/types\/page"}],"author":[{"embeddable":true,"href":"http:\/\/www.bastelladen-dors.de\/index.php?rest_route=\/wp\/v2\/users\/1"}],"replies":[{"embeddable":true,"href":"http:\/\/www.bastelladen-dors.de\/index.php?rest_route=%2Fwp%2Fv2%2Fcomments&post=178"}],"version-history":[{"count":11,"href":"http:\/\/www.bastelladen-dors.de\/index.php?rest_route=\/wp\/v2\/pages\/178\/revisions"}],"predecessor-version":[{"id":642,"href":"http:\/\/www.bastelladen-dors.de\/index.php?rest_route=\/wp\/v2\/pages\/178\/revisions\/642"}],"up":[{"embeddable":true,"href":"http:\/\/www.bastelladen-dors.de\/index.php?rest_route=\/wp\/v2\/pages\/365"}],"wp:featuredmedia":[{"embeddable":true,"href":"http:\/\/www.bastelladen-dors.de\/index.php?rest_route=\/wp\/v2\/media\/404"}],"wp:attachment":[{"href":"http:\/\/www.bastelladen-dors.de\/index.php?rest_route=%2Fwp%2Fv2%2Fmedia&parent=178"}],"curies":[{"name":"wp","href":"https:\/\/api.w.org\/{rel}","templated":true}]}}