{"id":197,"date":"2010-09-25T15:18:07","date_gmt":"2010-09-25T14:18:07","guid":{"rendered":"http:\/\/bastelladen-dors.de\/blog\/?page_id=197"},"modified":"2012-06-10T18:01:50","modified_gmt":"2012-06-10T17:01:50","slug":"bastelartikel","status":"publish","type":"page","link":"http:\/\/www.bastelladen-dors.de\/?page_id=197","title":{"rendered":"Bastelartikel"},"content":{"rendered":"<p>Auf \u00fcber 600qm f\u00fchren wir alles zum Basteln.<br \/>\nSie k\u00f6nnen sich in Ruhe umschauen oder sich von unserem fachkundigen Personal beraten lassen.<br \/>\nNeben der Beratung und dem Verkauf bieten wir auch Serviceleistungen.<br \/>\nWir fixieren Ihre Seidenmalereien und brennen Ihr Get\u00f6pfertes.<\/p>\n<p><img loading=\"lazy\" decoding=\"async\" class=\"aligncenter\" title=\"Bastelartikel\" src=\"http:\/\/www.bastelladen-dors.de\/bilder\/Laden_neu\/u_basteln2.JPG\" alt=\"\" width=\"600\" height=\"450\" \/><\/p>\n<p>Unser Produktangebot umfasst unter anderem:<\/p>\n<ul>\n<li>Acryl-Farben<\/li>\n<li>Keilrahmen<\/li>\n<li>Papiere<\/li>\n<li>Floristik<\/li>\n<li>\u00d6l-Farben<\/li>\n<li>Seidenmalerei<\/li>\n<li>Window Color<\/li>\n<li>Serviettentechnikzubeh\u00f6r<\/li>\n<li>Perlen<\/li>\n<li>Klebstoffe<\/li>\n<li>Laubs\u00e4gematerial<\/li>\n<li>Bilderrahmen<\/li>\n<li>Airbrush<\/li>\n<li>Giessformen<\/li>\n<li>Schminke<\/li>\n<li>Glasuren<\/li>\n<li>Papiere<\/li>\n<li>B\u00e4nder<\/li>\n<li>Scheren<\/li>\n<li>Moosgummi<\/li>\n<\/ul>\n","protected":false},"excerpt":{"rendered":"<p>Auf \u00fcber 600qm f\u00fchren wir alles zum Basteln. Sie k\u00f6nnen\u2026 <a class=\"continue-reading-link\" href=\"http:\/\/www.bastelladen-dors.de\/?page_id=197\">weiter lesen<\/a><\/p>\n","protected":false},"author":1,"featured_media":402,"parent":365,"menu_order":0,"comment_status":"closed","ping_status":"open","template":"","meta":{"footnotes":""},"class_list":["post-197","page","type-page","status-publish","has-post-thumbnail","hentry"],"_links":{"self":[{"href":"http:\/\/www.bastelladen-dors.de\/index.php?rest_route=\/wp\/v2\/pages\/197","targetHints":{"allow":["GET"]}}],"collection":[{"href":"http:\/\/www.bastelladen-dors.de\/index.php?rest_route=\/wp\/v2\/pages"}],"about":[{"href":"http:\/\/www.bastelladen-dors.de\/index.php?rest_route=\/wp\/v2\/types\/page"}],"author":[{"embeddable":true,"href":"http:\/\/www.bastelladen-dors.de\/index.php?rest_route=\/wp\/v2\/users\/1"}],"replies":[{"embeddable":true,"href":"http:\/\/www.bastelladen-dors.de\/index.php?rest_route=%2Fwp%2Fv2%2Fcomments&post=197"}],"version-history":[{"count":5,"href":"http:\/\/www.bastelladen-dors.de\/index.php?rest_route=\/wp\/v2\/pages\/197\/revisions"}],"predecessor-version":[{"id":368,"href":"http:\/\/www.bastelladen-dors.de\/index.php?rest_route=\/wp\/v2\/pages\/197\/revisions\/368"}],"up":[{"embeddable":true,"href":"http:\/\/www.bastelladen-dors.de\/index.php?rest_route=\/wp\/v2\/pages\/365"}],"wp:featuredmedia":[{"embeddable":true,"href":"http:\/\/www.bastelladen-dors.de\/index.php?rest_route=\/wp\/v2\/media\/402"}],"wp:attachment":[{"href":"http:\/\/www.bastelladen-dors.de\/index.php?rest_route=%2Fwp%2Fv2%2Fmedia&parent=197"}],"curies":[{"name":"wp","href":"https:\/\/api.w.org\/{rel}","templated":true}]}}