{"id":200,"date":"2010-09-25T15:19:43","date_gmt":"2010-09-25T14:19:43","guid":{"rendered":"http:\/\/bastelladen-dors.de\/blog\/?page_id=200"},"modified":"2012-06-22T11:25:17","modified_gmt":"2012-06-22T10:25:17","slug":"papier","status":"publish","type":"page","link":"http:\/\/www.bastelladen-dors.de\/?page_id=200","title":{"rendered":"Bastelpapier"},"content":{"rendered":"<p>Bei uns finden Sie bestimmt die richtige Bastelpapier!<br \/>\n<img loading=\"lazy\" decoding=\"async\" class=\"aligncenter\" title=\"Papierwand\" src=\"http:\/\/www.bastelladen-dors.de\/bilder\/Laden_neu\/papierwand.JPG\" alt=\"\" width=\"600\" height=\"450\" \/><\/p>\n<p>Wir f\u00fchren nahezu jede Art von Papier, das Sie zum Basteln ben\u00f6tigen:<\/p>\n<ul>\n<li>Tonzeichenpapier und Fotokarton in \u00fcber 60 Farbt\u00f6nen<\/li>\n<li>Bastelkarton mit gepr\u00e4gter Oberfl\u00e4che<\/li>\n<li>Motiv-Kartons von verschiedenen Lieferanten<\/li>\n<li>Wellpappe<\/li>\n<li>3D-Wellenpappe<\/li>\n<li>Regenbogen-Wellenpappe<\/li>\n<li>Elefantenhaut<\/li>\n<li>Graupappe<\/li>\n<li>Architektenpapiere<\/li>\n<li>Transparentpapiere<\/li>\n<li>Seidenpapier, Aquarola-Seidenpapier<\/li>\n<li>Strohseide<\/li>\n<li>Krepp-Papier, Aquarola-Krepp-Papier &#8211; Fragen Sie nach unseren Staffelpreisen z.B.\u00a0 f\u00fcr Sch\u00fctzenfeste und Familienfeiern<\/li>\n<li>Regenbogen-, Gold- und Silber-Krepp, Alu-Krepp<\/li>\n<li>&#8230;<\/li>\n<\/ul>\n<p>Alle Sorten aufzuz\u00e4hlen w\u00e4re m\u00fchsam!<br \/>\nSchauen Sie sich lieber in Ruhe im Gesch\u00e4ft um!<\/p>\n<p><img loading=\"lazy\" decoding=\"async\" class=\"alignnone size-full wp-image-129\" title=\"TRANSPARENTPAPIER\" src=\"http:\/\/bastelladen-dors.de\/blog\/wp-content\/uploads\/2009\/11\/TRANSPARENTPAPIER.JPG\" alt=\"TRANSPARENTPAPIER\" width=\"450\" height=\"265\" srcset=\"http:\/\/www.bastelladen-dors.de\/wp-content\/uploads\/2009\/11\/TRANSPARENTPAPIER.JPG 450w, http:\/\/www.bastelladen-dors.de\/wp-content\/uploads\/2009\/11\/TRANSPARENTPAPIER-300x176.jpg 300w\" sizes=\"auto, (max-width: 450px) 100vw, 450px\" \/><\/p>\n","protected":false},"excerpt":{"rendered":"<p>Bei uns finden Sie bestimmt die richtige Bastelpapier! Wir f\u00fchren\u2026 <a class=\"continue-reading-link\" href=\"http:\/\/www.bastelladen-dors.de\/?page_id=200\">weiter lesen<\/a><\/p>\n","protected":false},"author":1,"featured_media":0,"parent":197,"menu_order":0,"comment_status":"closed","ping_status":"open","template":"","meta":{"footnotes":""},"class_list":["post-200","page","type-page","status-publish","hentry"],"_links":{"self":[{"href":"http:\/\/www.bastelladen-dors.de\/index.php?rest_route=\/wp\/v2\/pages\/200","targetHints":{"allow":["GET"]}}],"collection":[{"href":"http:\/\/www.bastelladen-dors.de\/index.php?rest_route=\/wp\/v2\/pages"}],"about":[{"href":"http:\/\/www.bastelladen-dors.de\/index.php?rest_route=\/wp\/v2\/types\/page"}],"author":[{"embeddable":true,"href":"http:\/\/www.bastelladen-dors.de\/index.php?rest_route=\/wp\/v2\/users\/1"}],"replies":[{"embeddable":true,"href":"http:\/\/www.bastelladen-dors.de\/index.php?rest_route=%2Fwp%2Fv2%2Fcomments&post=200"}],"version-history":[{"count":4,"href":"http:\/\/www.bastelladen-dors.de\/index.php?rest_route=\/wp\/v2\/pages\/200\/revisions"}],"predecessor-version":[{"id":461,"href":"http:\/\/www.bastelladen-dors.de\/index.php?rest_route=\/wp\/v2\/pages\/200\/revisions\/461"}],"up":[{"embeddable":true,"href":"http:\/\/www.bastelladen-dors.de\/index.php?rest_route=\/wp\/v2\/pages\/197"}],"wp:attachment":[{"href":"http:\/\/www.bastelladen-dors.de\/index.php?rest_route=%2Fwp%2Fv2%2Fmedia&parent=200"}],"curies":[{"name":"wp","href":"https:\/\/api.w.org\/{rel}","templated":true}]}}